{"id":17463,"date":"2018-03-15T11:59:02","date_gmt":"2018-03-15T11:59:02","guid":{"rendered":"https:\/\/mallorcacaprice.com\/nosotros\/"},"modified":"2022-12-20T12:13:34","modified_gmt":"2022-12-20T11:13:34","slug":"nosotros","status":"publish","type":"page","link":"https:\/\/mallorcacaprice.com\/en\/nosotros\/","title":{"rendered":"NOSOTROS"},"content":{"rendered":"<div class=\"fusion-fullwidth fullwidth-box fusion-builder-row-1 nonhundred-percent-fullwidth non-hundred-percent-height-scrolling\" style=\"--awb-border-radius-top-left:0px;--awb-border-radius-top-right:0px;--awb-border-radius-bottom-right:0px;--awb-border-radius-bottom-left:0px;--awb-flex-wrap:wrap;\" ><div class=\"fusion-builder-row fusion-row\"><div class=\"fusion-layout-column fusion_builder_column fusion-builder-column-0 fusion_builder_column_1_1 1_1 fusion-one-full fusion-column-first fusion-column-last\" style=\"--awb-bg-size:cover;\"><div class=\"fusion-column-wrapper fusion-flex-column-wrapper-legacy\"><div class=\"fusion-text fusion-text-1\"><div class=\"title_outer title_without_animation\" data-height=\"200\">\n<div class=\"title title_size_large position_left \">\n<div class=\"title_holder\">\n<div class=\"container\">\n<div class=\"container_inner clearfix\">\n<div class=\"title_subtitle_holder\">\n<h1>ABOUT US<\/h1>\n<\/div>\n<\/div>\n<\/div>\n<\/div>\n<\/div>\n<\/div>\n<div class=\"container\">\n<div class=\"container_inner default_template_holder clearfix page_container_inner\">\n<div class=\"vc_row wpb_row section vc_row-fluid \">\n<div class=\" full_section_inner clearfix\">\n<div class=\"wpb_column vc_column_container vc_col-sm-12\">\n<div class=\"vc_column-inner \">\n<div class=\"wpb_wrapper\">\n<div class=\"wpb_text_column wpb_content_element \">\n<div class=\"wpb_wrapper\">\n<p>The freshness of the Mediterranean in the pages of an independent, high quality, premium lifestyle guide, close and rigorous in its content. Contains recommendations of the best products and services brands in Mallorca for residents and visitors.<\/p>\n<p><strong>Mallorca Caprice &#8211; Mediterranean Happiness Guide<\/strong> brings together Mallorca&#8217;s treasures for the delight of island lovers. Its culture, social life, gastronomy, leisure plans, accommodation, shopping options, etc. are present in all editions.<\/p>\n<\/div>\n<\/div>\n<\/div>\n<\/div>\n<\/div>\n<\/div>\n<\/div>\n<\/div>\n<\/div>\n<\/div><div class=\"fusion-sep-clear\"><\/div><div class=\"fusion-separator fusion-full-width-sep\" style=\"margin-left: auto;margin-right: auto;margin-bottom:30px;width:100%;\"><div class=\"fusion-separator-border sep-single sep-solid\" style=\"--awb-height:20px;--awb-amount:20px;border-color:#e0dede;border-top-width:1px;\"><\/div><\/div><div class=\"fusion-sep-clear\"><\/div><div class=\"fusion-image-element fusion-image-align-center in-legacy-container\" style=\"text-align:center;--awb-liftup-border-radius:0px;--awb-caption-title-font-family:var(--h2_typography-font-family);--awb-caption-title-font-weight:var(--h2_typography-font-weight);--awb-caption-title-font-style:var(--h2_typography-font-style);--awb-caption-title-size:var(--h2_typography-font-size);--awb-caption-title-transform:var(--h2_typography-text-transform);--awb-caption-title-line-height:var(--h2_typography-line-height);--awb-caption-title-letter-spacing:var(--h2_typography-letter-spacing);\"><div class=\"imageframe-align-center\"><div class=\"awb-image-frame awb-image-frame-1 imageframe-liftup\" style=\"max-width:600px;\"><span class=\" fusion-imageframe imageframe-none imageframe-1\"><a class=\"fusion-no-lightbox\" href=\"https:\/\/issuu.com\/mallorcaglobalediciones\/docs\/mallorca_caprice_by_mallorca_global_2020_2021\" target=\"_blank\" aria-label=\"mallorca global\" rel=\"noopener noreferrer\"><img decoding=\"async\" width=\"1024\" height=\"566\" src=\"https:\/\/mallorcacaprice.com\/wp-content\/uploads\/\/mallorca-global-1024x566.jpeg\" alt class=\"img-responsive wp-image-32155\" srcset=\"https:\/\/mallorcacaprice.com\/wp-content\/uploads\/mallorca-global-200x111.jpeg 200w, https:\/\/mallorcacaprice.com\/wp-content\/uploads\/mallorca-global-400x221.jpeg 400w, https:\/\/mallorcacaprice.com\/wp-content\/uploads\/mallorca-global-600x332.jpeg 600w, https:\/\/mallorcacaprice.com\/wp-content\/uploads\/mallorca-global-800x442.jpeg 800w, https:\/\/mallorcacaprice.com\/wp-content\/uploads\/mallorca-global-1200x663.jpeg 1200w, https:\/\/mallorcacaprice.com\/wp-content\/uploads\/mallorca-global.jpeg 1390w\" sizes=\"(max-width: 800px) 100vw, 1200px\" \/><\/a><\/span><\/div><\/div><\/div><div class=\"fusion-sep-clear\"><\/div><div class=\"fusion-separator fusion-full-width-sep\" style=\"margin-left: auto;margin-right: auto;margin-bottom:30px;width:100%;\"><div class=\"fusion-separator-border sep-single sep-solid\" style=\"--awb-height:20px;--awb-amount:20px;border-color:#e0dede;border-top-width:1px;\"><\/div><\/div><div class=\"fusion-sep-clear\"><\/div><div class=\"fusion-clearfix\"><\/div><\/div><\/div><div class=\"fusion-layout-column fusion_builder_column fusion-builder-column-1 fusion_builder_column_1_3 1_3 fusion-one-third fusion-column-first\" style=\"--awb-bg-size:cover;width:33.333333333333%;width:calc(33.333333333333% - ( ( 4% + 4% ) * 0.33333333333333 ) );margin-right: 4%;\"><div class=\"fusion-column-wrapper fusion-flex-column-wrapper-legacy\"><div class=\"fusion-fa-align-center\"><i class=\"fb-icon-element-1 fb-icon-element fontawesome-icon fa-address-card fas circle-no\" style=\"--awb-iconcolor:#000000;--awb-iconcolor-hover:#000000;--awb-circlecolor:#ffffff;--awb-font-size:32px;\"><\/i><\/div><div class=\"fusion-text fusion-text-2\"><h4 style=\"text-align: center;\"><strong>WHO SHOULD READ MALLORCA CAPRICE?<\/strong><\/h4>\n<p style=\"text-align: center;\">Residents and visitors, of medium and high purchasing power, who are looking for quality local and exclusive products and services.<\/p>\n<\/div><div class=\"fusion-fa-align-center\"><i class=\"fb-icon-element-2 fb-icon-element fontawesome-icon fa-trophy fas circle-no\" style=\"--awb-iconcolor:#000000;--awb-iconcolor-hover:#000000;--awb-circlecolor:#ffffff;--awb-font-size:32px;\"><\/i><\/div><div class=\"fusion-text fusion-text-3\"><h4 style=\"text-align: center;\"><strong>WHAT MAKES US DIFFERENT?<\/strong><\/h4>\n<p style=\"text-align: center;\">The format, the quality and reliability of the contents, the equipment, the proximity and the translation into three languages (German, English and Spanish).<\/p>\n<\/div><div class=\"fusion-clearfix\"><\/div><\/div><\/div><div class=\"fusion-layout-column fusion_builder_column fusion-builder-column-2 fusion_builder_column_1_3 1_3 fusion-one-third\" style=\"--awb-bg-size:cover;width:33.333333333333%;width:calc(33.333333333333% - ( ( 4% + 4% ) * 0.33333333333333 ) );margin-right: 4%;\"><div class=\"fusion-column-wrapper fusion-flex-column-wrapper-legacy\"><div class=\"fusion-image-element fusion-image-align-center in-legacy-container\" style=\"text-align:center;--awb-caption-title-font-family:var(--h2_typography-font-family);--awb-caption-title-font-weight:var(--h2_typography-font-weight);--awb-caption-title-font-style:var(--h2_typography-font-style);--awb-caption-title-size:var(--h2_typography-font-size);--awb-caption-title-transform:var(--h2_typography-text-transform);--awb-caption-title-line-height:var(--h2_typography-line-height);--awb-caption-title-letter-spacing:var(--h2_typography-letter-spacing);\"><div class=\"imageframe-align-center\"><span class=\" fusion-imageframe imageframe-none imageframe-2 hover-type-none\"><img decoding=\"async\" width=\"1024\" height=\"683\" title=\"kioscos\" src=\"https:\/\/mallorcacaprice.com\/wp-content\/uploads\/\/kioscos-1024x683.jpg\" alt class=\"img-responsive wp-image-17822\" srcset=\"https:\/\/mallorcacaprice.com\/wp-content\/uploads\/kioscos-200x133.jpg 200w, https:\/\/mallorcacaprice.com\/wp-content\/uploads\/kioscos-400x267.jpg 400w, https:\/\/mallorcacaprice.com\/wp-content\/uploads\/kioscos-600x400.jpg 600w, https:\/\/mallorcacaprice.com\/wp-content\/uploads\/kioscos-800x533.jpg 800w, https:\/\/mallorcacaprice.com\/wp-content\/uploads\/kioscos.jpg 1200w\" sizes=\"(max-width: 800px) 100vw, 400px\" \/><\/span><\/div><\/div><div class=\"fusion-clearfix\"><\/div><\/div><\/div><div class=\"fusion-layout-column fusion_builder_column fusion-builder-column-3 fusion_builder_column_1_3 1_3 fusion-one-third fusion-column-last\" style=\"--awb-bg-size:cover;width:33.333333333333%;width:calc(33.333333333333% - ( ( 4% + 4% ) * 0.33333333333333 ) );\"><div class=\"fusion-column-wrapper fusion-flex-column-wrapper-legacy\"><div class=\"fusion-fa-align-center\"><i class=\"fb-icon-element-3 fb-icon-element fontawesome-icon fa-list fas circle-no\" style=\"--awb-iconcolor:#000000;--awb-iconcolor-hover:#000000;--awb-circlecolor:#ffffff;--awb-font-size:32px;\"><\/i><\/div><div class=\"fusion-text fusion-text-4\"><h4><strong>WHERE CAN YOU FIND US?<\/strong><\/h4>\n<p>In the VIP lounges at Madrid airport (during the months of December, January, February and March), in all the kiosks on Mallorca and Ibiza, in luxury hotels, restaurants, shops, golf courses, beach-clubs, museums, etc. and all those establishments advertised in the guide. Also in national and international Tourists Fairs.<\/p>\n<\/div><div class=\"fusion-clearfix\"><\/div><\/div><\/div><\/div><\/div>\n","protected":false},"excerpt":{"rendered":"","protected":false},"author":4,"featured_media":0,"parent":0,"menu_order":0,"comment_status":"closed","ping_status":"closed","template":"","meta":{"footnotes":""},"class_list":["post-17463","page","type-page","status-publish","hentry"],"yoast_head":"<!-- This site is optimized with the Yoast SEO plugin v26.6 - https:\/\/yoast.com\/wordpress\/plugins\/seo\/ -->\n<title>Gu\u00eda comercial independiente, de alto nivel, gran calidad<\/title>\n<meta name=\"description\" content=\"Fundamentalmente es una recomendaci\u00f3n de las mejores marcas de productos y servicios de Mallorca hacia el visitante o residente alem\u00e1n, ingles, y espa\u00f1ol\" \/>\n<meta name=\"robots\" content=\"index, follow, max-snippet:-1, max-image-preview:large, max-video-preview:-1\" \/>\n<link rel=\"canonical\" href=\"https:\/\/mallorcacaprice.com\/nosotros\/\" \/>\n<meta property=\"og:locale\" content=\"en_US\" \/>\n<meta property=\"og:type\" content=\"article\" \/>\n<meta property=\"og:title\" content=\"Gu\u00eda comercial independiente, de alto nivel, gran calidad\" \/>\n<meta property=\"og:description\" content=\"Fundamentalmente es una recomendaci\u00f3n de las mejores marcas de productos y servicios de Mallorca hacia el visitante o residente alem\u00e1n, ingles, y espa\u00f1ol\" \/>\n<meta property=\"og:url\" content=\"https:\/\/mallorcacaprice.com\/nosotros\/\" \/>\n<meta property=\"og:site_name\" content=\"Mallorca Caprice\" \/>\n<meta property=\"article:modified_time\" content=\"2022-12-20T11:13:34+00:00\" \/>\n<meta name=\"twitter:card\" content=\"summary_large_image\" \/>\n<meta name=\"twitter:label1\" content=\"Est. reading time\" \/>\n\t<meta name=\"twitter:data1\" content=\"4 minutes\" \/>\n<script type=\"application\/ld+json\" class=\"yoast-schema-graph\">{\"@context\":\"https:\/\/schema.org\",\"@graph\":[{\"@type\":\"WebPage\",\"@id\":\"https:\/\/mallorcacaprice.com\/nosotros\/\",\"url\":\"https:\/\/mallorcacaprice.com\/nosotros\/\",\"name\":\"Gu\u00eda comercial independiente, de alto nivel, gran calidad\",\"isPartOf\":{\"@id\":\"https:\/\/mallorcacaprice.com\/#website\"},\"datePublished\":\"2018-03-15T11:59:02+00:00\",\"dateModified\":\"2022-12-20T11:13:34+00:00\",\"description\":\"Fundamentalmente es una recomendaci\u00f3n de las mejores marcas de productos y servicios de Mallorca hacia el visitante o residente alem\u00e1n, ingles, y espa\u00f1ol\",\"breadcrumb\":{\"@id\":\"https:\/\/mallorcacaprice.com\/nosotros\/#breadcrumb\"},\"inLanguage\":\"en-US\",\"potentialAction\":[{\"@type\":\"ReadAction\",\"target\":[\"https:\/\/mallorcacaprice.com\/nosotros\/\"]}]},{\"@type\":\"BreadcrumbList\",\"@id\":\"https:\/\/mallorcacaprice.com\/nosotros\/#breadcrumb\",\"itemListElement\":[{\"@type\":\"ListItem\",\"position\":1,\"name\":\"Portada\",\"item\":\"https:\/\/mallorcacaprice.com\/en\/\"},{\"@type\":\"ListItem\",\"position\":2,\"name\":\"NOSOTROS\"}]},{\"@type\":\"WebSite\",\"@id\":\"https:\/\/mallorcacaprice.com\/#website\",\"url\":\"https:\/\/mallorcacaprice.com\/\",\"name\":\"Mallorca Caprice\",\"description\":\"Mediterranean happiness guide\",\"potentialAction\":[{\"@type\":\"SearchAction\",\"target\":{\"@type\":\"EntryPoint\",\"urlTemplate\":\"https:\/\/mallorcacaprice.com\/?s={search_term_string}\"},\"query-input\":{\"@type\":\"PropertyValueSpecification\",\"valueRequired\":true,\"valueName\":\"search_term_string\"}}],\"inLanguage\":\"en-US\"}]}<\/script>\n<!-- \/ Yoast SEO plugin. -->","yoast_head_json":{"title":"Gu\u00eda comercial independiente, de alto nivel, gran calidad","description":"Fundamentalmente es una recomendaci\u00f3n de las mejores marcas de productos y servicios de Mallorca hacia el visitante o residente alem\u00e1n, ingles, y espa\u00f1ol","robots":{"index":"index","follow":"follow","max-snippet":"max-snippet:-1","max-image-preview":"max-image-preview:large","max-video-preview":"max-video-preview:-1"},"canonical":"https:\/\/mallorcacaprice.com\/nosotros\/","og_locale":"en_US","og_type":"article","og_title":"Gu\u00eda comercial independiente, de alto nivel, gran calidad","og_description":"Fundamentalmente es una recomendaci\u00f3n de las mejores marcas de productos y servicios de Mallorca hacia el visitante o residente alem\u00e1n, ingles, y espa\u00f1ol","og_url":"https:\/\/mallorcacaprice.com\/nosotros\/","og_site_name":"Mallorca Caprice","article_modified_time":"2022-12-20T11:13:34+00:00","twitter_card":"summary_large_image","twitter_misc":{"Est. reading time":"4 minutes"},"schema":{"@context":"https:\/\/schema.org","@graph":[{"@type":"WebPage","@id":"https:\/\/mallorcacaprice.com\/nosotros\/","url":"https:\/\/mallorcacaprice.com\/nosotros\/","name":"Gu\u00eda comercial independiente, de alto nivel, gran calidad","isPartOf":{"@id":"https:\/\/mallorcacaprice.com\/#website"},"datePublished":"2018-03-15T11:59:02+00:00","dateModified":"2022-12-20T11:13:34+00:00","description":"Fundamentalmente es una recomendaci\u00f3n de las mejores marcas de productos y servicios de Mallorca hacia el visitante o residente alem\u00e1n, ingles, y espa\u00f1ol","breadcrumb":{"@id":"https:\/\/mallorcacaprice.com\/nosotros\/#breadcrumb"},"inLanguage":"en-US","potentialAction":[{"@type":"ReadAction","target":["https:\/\/mallorcacaprice.com\/nosotros\/"]}]},{"@type":"BreadcrumbList","@id":"https:\/\/mallorcacaprice.com\/nosotros\/#breadcrumb","itemListElement":[{"@type":"ListItem","position":1,"name":"Portada","item":"https:\/\/mallorcacaprice.com\/en\/"},{"@type":"ListItem","position":2,"name":"NOSOTROS"}]},{"@type":"WebSite","@id":"https:\/\/mallorcacaprice.com\/#website","url":"https:\/\/mallorcacaprice.com\/","name":"Mallorca Caprice","description":"Mediterranean happiness guide","potentialAction":[{"@type":"SearchAction","target":{"@type":"EntryPoint","urlTemplate":"https:\/\/mallorcacaprice.com\/?s={search_term_string}"},"query-input":{"@type":"PropertyValueSpecification","valueRequired":true,"valueName":"search_term_string"}}],"inLanguage":"en-US"}]}},"_links":{"self":[{"href":"https:\/\/mallorcacaprice.com\/en\/wp-json\/wp\/v2\/pages\/17463","targetHints":{"allow":["GET"]}}],"collection":[{"href":"https:\/\/mallorcacaprice.com\/en\/wp-json\/wp\/v2\/pages"}],"about":[{"href":"https:\/\/mallorcacaprice.com\/en\/wp-json\/wp\/v2\/types\/page"}],"author":[{"embeddable":true,"href":"https:\/\/mallorcacaprice.com\/en\/wp-json\/wp\/v2\/users\/4"}],"replies":[{"embeddable":true,"href":"https:\/\/mallorcacaprice.com\/en\/wp-json\/wp\/v2\/comments?post=17463"}],"version-history":[{"count":4,"href":"https:\/\/mallorcacaprice.com\/en\/wp-json\/wp\/v2\/pages\/17463\/revisions"}],"predecessor-version":[{"id":39111,"href":"https:\/\/mallorcacaprice.com\/en\/wp-json\/wp\/v2\/pages\/17463\/revisions\/39111"}],"wp:attachment":[{"href":"https:\/\/mallorcacaprice.com\/en\/wp-json\/wp\/v2\/media?parent=17463"}],"curies":[{"name":"wp","href":"https:\/\/api.w.org\/{rel}","templated":true}]}}